{"id":1436,"date":"2023-05-03T08:24:46","date_gmt":"2023-05-03T08:24:46","guid":{"rendered":"https:\/\/bmholland.nl\/?post_type=product&#038;p=1436"},"modified":"2023-05-03T14:47:39","modified_gmt":"2023-05-03T14:47:39","slug":"bm-decapant-pour-algues-10-l-kopie","status":"publish","type":"product","link":"https:\/\/bmholland.nl\/fr\/produit\/bm-decapant-pour-algues-10-l-kopie\/","title":{"rendered":"BM-D\u00e9capant pour algues 2 L"},"content":{"rendered":"<p style=\"font-weight: 400;\"><strong>Application<br \/>\n<\/strong>Utilisation en tant qu&rsquo;agent exclusivement autoris\u00e9e pour\u00a0:<br \/>\n1. 1. la lutte contre les bact\u00e9ries (\u00e0 l&rsquo;exclusion des mycobact\u00e9ries et des spores bact\u00e9riennes) et les levures sur les surfaces susceptibles d&rsquo;entrer en contact avec les aliments et les boissons et les mati\u00e8res premi\u00e8res qui les composent, mais \u00e0 l&rsquo;exclusion des \u00e9quipements laitiers fermiers ;<br \/>\n\u2013 la lutte contre les bact\u00e9ries (\u00e0 l&rsquo;exclusion des mycobact\u00e9ries et des spores bact\u00e9riennes) et les levures sur les surfaces dans les zones destin\u00e9es \u00e0 l&rsquo;habitation humaine ;<br \/>\n2. la lutte contre les bact\u00e9ries, les champignons et les algues dans les syst\u00e8mes de recirculation de l&rsquo;eau de refroidissement, dans les syst\u00e8mes de dosage auxiliaires dans l&rsquo;industrie du papier et du carton, ainsi que dans les installations de pasteurisation et autres formes d&rsquo;eau de traitement dans l&rsquo;industrie sucri\u00e8re et alimentaire. Cet agent ne peut \u00eatre appliqu\u00e9 qu&rsquo;avec l&rsquo;approbation de l&rsquo;autorit\u00e9 comp\u00e9tente pour la gestion qualitative de l&rsquo;eau par site ;<br \/>\n3. La\u00a0 lutte contre les d\u00e9p\u00f4ts verts. Le traitement de surfaces pav\u00e9es et d\u2019\u00e9quipements situ\u00e9s \u00e0 proximit\u00e9 de cours d&rsquo;eau n&rsquo;est pas autoris\u00e9. Cet agent est toxique pour les poissons et autres organismes aquatiques : il est n\u00e9cessaire d\u2019emp\u00eacher le liquide d&rsquo;atteindre les eaux de surface. L&rsquo;agent est destin\u00e9 \u00e0 un usage professionnel et non professionnel.<\/p>\n<p style=\"font-weight: 400;\"><strong>Consommation th\u00e9orique<br \/>\n<\/strong>Pr\u00e9voir une consommation de 3 \u00e0 5 m2 par litre. Utiliser la solution en fonction de la porosit\u00e9 du support.<\/p>\n<p style=\"font-weight: 400;\"><strong>Propri\u00e9t\u00e9s<\/strong><\/p>\n<ul>\n<li>Biod\u00e9gradable<\/li>\n<li>Ne laisse pas de r\u00e9sidus et n&rsquo;est pas nocif pour l&rsquo;utilisateur<\/li>\n<li>Destin\u00e9 \u00e0 un usage professionnel et non professionnel<\/li>\n<li>Effet pr\u00e9ventif contre les d\u00e9p\u00f4ts verts<\/li>\n<li>D\u00e9sinfection efficace et s\u00fbre des surfaces et des mat\u00e9riaux<\/li>\n<li>Facile \u00e0 appliquer<\/li>\n<\/ul>\n<p style=\"font-weight: 400;\"><strong>Mode d&#8217;emploi<\/strong><\/p>\n<p style=\"font-weight: 400;\">Pour \u00e9liminer les d\u00e9p\u00f4ts verts sur les fen\u00eatres et les mat\u00e9riaux dans les serres vides et les grandes surfaces. Vaporiser ou brosser abondamment avec une solution de 2,5 % de cet agent (25 ml pour 1 litre d&rsquo;eau). Apr\u00e8s quelques jours, enlever les mauvaises herbes mortes, les algues, la salet\u00e9, etc. en vaporisant ou en frottant avec un jet dur. Ce post-traitement de nettoyage ne doit pas n\u00e9cessairement \u00eatre effectu\u00e9 \u00e0 court terme, car ce produit n&rsquo;a pas d&rsquo;effets secondaires et ne d\u00e9gage pas de vapeurs nocives. Pour ces raisons, les traitements peuvent \u00e9galement \u00eatre effectu\u00e9s peu de temps avant la plantation.<\/p>\n<p style=\"font-weight: 400;\">Pour \u00e9viter les d\u00e9p\u00f4ts verts sur les fen\u00eatres et les mat\u00e9riaux dans les serres vides et les grandes surfaces.<br \/>\n&#8211; Vaporiser sur les fen\u00eatres propres une solution de 2,5 % de cet agent (25 ml pour 1 litre d&rsquo;eau). En raison de l&rsquo;absence d&rsquo;effets secondaires nocifs de ce produit et de son faible taux de r\u00e9sidus, il n&rsquo;est pas n\u00e9cessaire de r\u00e9p\u00e9ter la pulv\u00e9risation. Cette m\u00e9thode d&rsquo;application emp\u00eache la formation de d\u00e9p\u00f4ts verts pendant de nombreux mois.<br \/>\n&#8211; Si les fen\u00eatres (p. ex. verre plat) sont nettoy\u00e9es \u00e0 la main (par frottement), une solution \u00e0 1,5 % (15 ml pour 1 litre d&rsquo;eau) suffit.<\/p>\n<p style=\"font-weight: 400;\">Pour l&rsquo;\u00e9limination et la pr\u00e9vention des d\u00e9p\u00f4ts verts sur les murs, les toits, les chemins carrel\u00e9s, les dalles, les pierres tombales, les fen\u00eatres, les rochers, les meubles de jardin, etc.<br \/>\nVaporiser, verser, brosser ou frotter avec une solution de 2,5 % de ce produit (25 ml pour 1 litre d&rsquo;eau). Ne pas rincer. Ne pas pulv\u00e9riser ou verser sur les plantes. Tenir les animaux domestiques \u00e0 l&rsquo;\u00e9cart des zones trait\u00e9es tant qu&rsquo;elles sont encore humides. Remarque\u00a0: L&rsquo;agent devient inefficace au contact de savon ou de d\u00e9tergents synth\u00e9tiques.<\/p>\n<p style=\"text-align: left;\"><strong>Consignes de s\u00e9curit\u00e9<br \/>\n<\/strong><span style=\"font-weight: 400;\">Danger. Provoque de graves br\u00fblures et des l\u00e9sions oculaires. Tr\u00e8s toxique pour les organismes aquatiques, avec des effets durables. Tenir hors de port\u00e9e des enfants. Porter des gants de protection\/des v\u00eatements de protection\/un \u00e9quipement de protection des yeux\/un \u00e9quipement de protection du visage. En cas de contact avec les yeux : rincer soigneusement \u00e0 l&rsquo;eau pendant plusieurs minutes ; retirer si possible les lentilles de contact ; continuer \u00e0 rincer. Consulter imm\u00e9diatement un centre antipoison ou un m\u00e9decin. Conserver sous cl\u00e9. \u00c9liminer le contenu\/r\u00e9cipient au point de collecte des d\u00e9chets chimiques. Contient : chlorure de did\u00e9cyldim\u00e9thyle et d&rsquo;ammonium 100g\/l.<\/span><\/p>\n<p><img loading=\"lazy\" decoding=\"async\" class=\"alignnone wp-image-747 alignleft\" src=\"https:\/\/bmholland.nl\/wp-content\/uploads\/2022\/08\/Afbeelding3.jpg\" alt=\"\" width=\"50\" height=\"50\" srcset=\"https:\/\/bmholland.nl\/wp-content\/uploads\/2022\/08\/Afbeelding3.jpg 240w, https:\/\/bmholland.nl\/wp-content\/uploads\/2022\/08\/Afbeelding3-150x150.jpg 150w, https:\/\/bmholland.nl\/wp-content\/uploads\/2022\/08\/Afbeelding3-100x100.jpg 100w\" sizes=\"auto, (max-width: 50px) 100vw, 50px\" \/><img loading=\"lazy\" decoding=\"async\" class=\"alignnone wp-image-748 alignleft\" src=\"https:\/\/bmholland.nl\/wp-content\/uploads\/2022\/08\/Afbeelding4.gif\" alt=\"\" width=\"50\" height=\"50\" srcset=\"https:\/\/bmholland.nl\/wp-content\/uploads\/2022\/08\/Afbeelding4.gif 112w, https:\/\/bmholland.nl\/wp-content\/uploads\/2022\/08\/Afbeelding4-100x100.gif 100w\" sizes=\"auto, (max-width: 50px) 100vw, 50px\" \/><\/p>\n","protected":false},"excerpt":{"rendered":"<p>Application Utilisation en tant qu&rsquo;agent exclusivement autoris\u00e9e pour\u00a0: 1. 1. la lutte contre les bact\u00e9ries (\u00e0 l&rsquo;exclusion des mycobact\u00e9ries et des spores bact\u00e9riennes) et les levures sur les surfaces susceptibles d&rsquo;entrer en contact avec les aliments et les boissons et les mati\u00e8res premi\u00e8res qui les composent, mais \u00e0 l&rsquo;exclusion des \u00e9quipements laitiers fermiers ; \u2013 [&hellip;]<\/p>\n","protected":false},"featured_media":1451,"comment_status":"closed","ping_status":"closed","template":"","meta":[],"product_brand":[],"product_cat":[61],"product_tag":[],"class_list":{"0":"post-1436","1":"product","2":"type-product","3":"status-publish","4":"has-post-thumbnail","6":"product_cat-nettoyants","7":"product_shipping_class-nl-fr","9":"first","10":"instock","11":"taxable","12":"shipping-taxable","13":"purchasable","14":"product-type-simple"},"_links":{"self":[{"href":"https:\/\/bmholland.nl\/fr\/wp-json\/wp\/v2\/product\/1436","targetHints":{"allow":["GET"]}}],"collection":[{"href":"https:\/\/bmholland.nl\/fr\/wp-json\/wp\/v2\/product"}],"about":[{"href":"https:\/\/bmholland.nl\/fr\/wp-json\/wp\/v2\/types\/product"}],"replies":[{"embeddable":true,"href":"https:\/\/bmholland.nl\/fr\/wp-json\/wp\/v2\/comments?post=1436"}],"wp:featuredmedia":[{"embeddable":true,"href":"https:\/\/bmholland.nl\/fr\/wp-json\/wp\/v2\/media\/1451"}],"wp:attachment":[{"href":"https:\/\/bmholland.nl\/fr\/wp-json\/wp\/v2\/media?parent=1436"}],"wp:term":[{"taxonomy":"product_brand","embeddable":true,"href":"https:\/\/bmholland.nl\/fr\/wp-json\/wp\/v2\/product_brand?post=1436"},{"taxonomy":"product_cat","embeddable":true,"href":"https:\/\/bmholland.nl\/fr\/wp-json\/wp\/v2\/product_cat?post=1436"},{"taxonomy":"product_tag","embeddable":true,"href":"https:\/\/bmholland.nl\/fr\/wp-json\/wp\/v2\/product_tag?post=1436"}],"curies":[{"name":"wp","href":"https:\/\/api.w.org\/{rel}","templated":true}]}}