{"id":1426,"date":"2022-08-03T09:06:36","date_gmt":"2022-08-03T09:06:36","guid":{"rendered":"https:\/\/bmholland.nl\/product\/bm-nettoyant-defflorescences-10l\/"},"modified":"2026-03-12T14:05:08","modified_gmt":"2026-03-12T14:05:08","slug":"bm-nettoyant-defflorescences-10l","status":"publish","type":"product","link":"https:\/\/bmholland.nl\/fr\/produit\/bm-nettoyant-defflorescences-10l\/","title":{"rendered":"BM-Nettoyant d\u2019efflorescences 10L"},"content":{"rendered":"<p style=\"font-weight: 400;\"><strong>Application<br \/>\n<\/strong>Le nettoyant d\u2019efflorescences convient au nettoyage des surfaces min\u00e9rales r\u00e9sistantes aux acides, telles que les briques et les carrelages.<\/p>\n<p style=\"font-weight: 400;\"><strong>Consommation th\u00e9orique<br \/>\n<\/strong>Consommation 1 m\u00b2\/l. La consommation d\u00e9pend fortement du type et du degr\u00e9 de salissure ainsi que de la porosit\u00e9 du support.<\/p>\n<p style=\"font-weight: 400;\"><strong>Propri\u00e9t\u00e9s<\/strong><\/p>\n<ul>\n<li>Nettoyage efficace et rapide<\/li>\n<li>Adapt\u00e9 \u00e0 la plupart des substrats<\/li>\n<li>Ne laisse aucun r\u00e9sidu<\/li>\n<\/ul>\n<p style=\"font-weight: 400;\"><strong>Mode d&#8217;emploi<\/strong><\/p>\n<ol>\n<li style=\"font-weight: 400;\">Appliquer le nettoyant d&rsquo;efflorescences non dilu\u00e9 \u00e0 l&rsquo;aide d&rsquo;une brosse ou d&rsquo;un balai. Sur les parties horizontales, verser le produit et le r\u00e9partir \u00e0 l&rsquo;aide d&rsquo;une brosse ou d&rsquo;un balai.<br \/>\n2. Rincer les fen\u00eatres, les cadres de fen\u00eatres, les avant-toits, les appuis de fen\u00eatre, etc. avec de l&rsquo;eau pour \u00e9viter les r\u00e9sidus.<br \/>\n3. R\u00e9p\u00e9ter le traitement si n\u00e9cessaire<\/li>\n<\/ol>\n<p style=\"font-weight: 400;\"><strong>Consignes de s\u00e9curit\u00e9<br \/>\n<\/strong>Provoque une irritation de la peau. Provoque une irritation s\u00e9v\u00e8re des yeux. Porter des gants de protection\/des v\u00eatements de protection\/un \u00e9quipement de protection des yeux\/un \u00e9quipement de protection du visage\/un \u00e9quipement de protection auditive. En cas de contact avec la peau : laver abondamment \u00e0 l&rsquo;eau. En cas de contact avec les yeux : rincer soigneusement \u00e0 l&rsquo;eau pendant plusieurs minutes ; retirer si possible les lentilles de contact ; continuer \u00e0 rincer. En cas d&rsquo;irritation de la peau : consulter un m\u00e9decin. En cas d&rsquo;irritation persistante des yeux : consulter un m\u00e9decin. Enlever et laver les v\u00eatements contamin\u00e9s avant de les r\u00e9utiliser. GHS07<\/p>\n","protected":false},"excerpt":{"rendered":"<p>Application Le nettoyant d\u2019efflorescences convient au nettoyage des surfaces min\u00e9rales r\u00e9sistantes aux acides, telles que les briques et les carrelages. Consommation th\u00e9orique Consommation 1 m\u00b2\/l. La consommation d\u00e9pend fortement du type et du degr\u00e9 de salissure ainsi que de la porosit\u00e9 du support. Propri\u00e9t\u00e9s Nettoyage efficace et rapide Adapt\u00e9 \u00e0 la plupart des substrats Ne [&hellip;]<\/p>\n","protected":false},"featured_media":1442,"comment_status":"closed","ping_status":"closed","template":"","meta":[],"product_brand":[],"product_cat":[61],"product_tag":[],"class_list":{"0":"post-1426","1":"product","2":"type-product","3":"status-publish","4":"has-post-thumbnail","6":"product_cat-nettoyants","7":"product_shipping_class-nl-fr","9":"first","10":"outofstock","11":"taxable","12":"shipping-taxable","13":"purchasable","14":"product-type-simple"},"_links":{"self":[{"href":"https:\/\/bmholland.nl\/fr\/wp-json\/wp\/v2\/product\/1426","targetHints":{"allow":["GET"]}}],"collection":[{"href":"https:\/\/bmholland.nl\/fr\/wp-json\/wp\/v2\/product"}],"about":[{"href":"https:\/\/bmholland.nl\/fr\/wp-json\/wp\/v2\/types\/product"}],"replies":[{"embeddable":true,"href":"https:\/\/bmholland.nl\/fr\/wp-json\/wp\/v2\/comments?post=1426"}],"wp:featuredmedia":[{"embeddable":true,"href":"https:\/\/bmholland.nl\/fr\/wp-json\/wp\/v2\/media\/1442"}],"wp:attachment":[{"href":"https:\/\/bmholland.nl\/fr\/wp-json\/wp\/v2\/media?parent=1426"}],"wp:term":[{"taxonomy":"product_brand","embeddable":true,"href":"https:\/\/bmholland.nl\/fr\/wp-json\/wp\/v2\/product_brand?post=1426"},{"taxonomy":"product_cat","embeddable":true,"href":"https:\/\/bmholland.nl\/fr\/wp-json\/wp\/v2\/product_cat?post=1426"},{"taxonomy":"product_tag","embeddable":true,"href":"https:\/\/bmholland.nl\/fr\/wp-json\/wp\/v2\/product_tag?post=1426"}],"curies":[{"name":"wp","href":"https:\/\/api.w.org\/{rel}","templated":true}]}}