{"id":1423,"date":"2022-08-12T14:04:12","date_gmt":"2022-08-12T14:04:12","guid":{"rendered":"https:\/\/bmholland.nl\/product\/bm-hydro-sealant-r-8-10-l\/"},"modified":"2024-07-24T14:08:56","modified_gmt":"2024-07-24T14:08:56","slug":"bm-hydro-sealant-r-8-10-l","status":"publish","type":"product","link":"https:\/\/bmholland.nl\/fr\/produit\/bm-hydro-sealant-r-8-10-l\/","title":{"rendered":"BM-Hydro Sealant R-8 10 L"},"content":{"rendered":"<p style=\"font-weight: 400;\"><strong>Application<br \/>\n<\/strong>L&rsquo;Hydro Sealant R-8 convient \u00e0 l&rsquo;impr\u00e9gnation des substrats min\u00e9raux existants et nouveaux. Ce produit est \u00e9galement utilis\u00e9 pour hydrophobiser des supports d\u00e9j\u00e0 hydrophob\u00e9s. Par exemple, l&rsquo;Hydro Sealant R-8 peut \u00eatre utilis\u00e9 sur la ma\u00e7onnerie en briques, le stuc min\u00e9ral, le b\u00e9ton (pr\u00e9fabriqu\u00e9), les briques silico-calcaires et la pierre naturelle. L&rsquo;Hydro Sealant R-8 a \u00e9galement se monter efficace sur divers mat\u00e9riaux composites \u00e0 base de ciment. Pour toute question, veuillez contacter l&rsquo;un de nos conseillers techniques.<\/p>\n<p style=\"font-weight: 400;\"><strong>Consommation th\u00e9orique<br \/>\n<\/strong>Consommation 1 m\u00b2\/litre en fonction de la porosit\u00e9 et de l&rsquo;aspiration<\/p>\n<p style=\"font-weight: 400;\"><strong>Propri\u00e9t\u00e9s<\/strong><\/p>\n<ul>\n<li>Hydrofugation de longue dur\u00e9e<\/li>\n<li>Excellente r\u00e9sistance \u00e0 l&rsquo;eau pr\u00e9coce<\/li>\n<li>R\u00e9duit l&rsquo;adh\u00e9rence de la salet\u00e9, les efflorescences blanches et les efflorescences vertes<\/li>\n<li>N&rsquo;affecte pas la perm\u00e9abilit\u00e9 \u00e0 la vapeur d&rsquo;eau<\/li>\n<li>P\u00e9n\u00e8tre rapidement et profond\u00e9ment dans les pores du substrat<\/li>\n<li>R\u00e9sistance \u00e9lev\u00e9e aux UV (NEN-EN-ISO 11341:2004)<\/li>\n<li>R\u00e9sistant aux alcalis et adapt\u00e9 au b\u00e9ton (NEN-EN 13580:2002)<\/li>\n<li>R\u00e9sistant au gel et aux sels de d\u00e9vergla\u00e7age (NEN-EN 13581:2002)<\/li>\n<li>Faible odeur<\/li>\n<li>Excellente p\u00e9n\u00e9tration sur des supports d\u00e9j\u00e0 hydrophob\u00e9s<\/li>\n<\/ul>\n<p style=\"font-weight: 400;\"><strong>Mode d&#8217;emploi<\/strong><\/p>\n<ol>\n<li>Nettoyer au pr\u00e9alable les fa\u00e7ades existantes \u00e0 l&rsquo;aide d&rsquo;un nettoyeur haute pression. En cas d&rsquo;encrassement important, utiliser un nettoyant de fa\u00e7ade adapt\u00e9. Enlever les algues, les mousses et les moisissures \u00e0 l&rsquo;aide d&rsquo;un dissolvant d&rsquo;algues.<\/li>\n<li>R\u00e9parer au pr\u00e9alable les joints cass\u00e9s ou de mauvaise qualit\u00e9 et les laisser durcir pendant au moins 24 jours.<\/li>\n<li>Agiter ou remuer le produit avant de l&rsquo;utiliser.<\/li>\n<li>Appliquer l&rsquo;Hydro Sealant R-8 non dilu\u00e9 \u00e0 l&rsquo;aide d&rsquo;un pulv\u00e9risateur \u00e0 basse pression selon la m\u00e9thode d&rsquo;\u00e9coulement. Travailler soigneusement de haut en bas et, si n\u00e9cessaire, appliquer une deuxi\u00e8me couche humide sur humide jusqu&rsquo;\u00e0 ce que le substrat soit compl\u00e8tement satur\u00e9.<\/li>\n<li>Enlever le produit renvers\u00e9 le plus rapidement possible avec un chiffon sec.<\/li>\n<\/ol>\n<p style=\"font-weight: 400;\"><strong>Consignes de s\u00e9curit\u00e9<\/strong><\/p>\n<p><span style=\"font-weight: 400;\">\u00c9viter le contact avec la peau et les yeux, porter des gants r\u00e9sistants, des v\u00eatements de protection, des lunettes de s\u00e9curit\u00e9 et une protection faciale. Le produit peut \u00eatre mortel s\u2019il p\u00e9n\u00e8tre dans les voies respiratoires en cas d&rsquo;ingestion. Consulter imm\u00e9diatement un centre anti-poison\/m\u00e9decin. Ne pas faire vomir. Conserver sous cl\u00e9. \u00c9liminer le contenu\/r\u00e9cipient dans un incin\u00e9rateur industriel. Une exposition r\u00e9p\u00e9t\u00e9e peut provoquer un dess\u00e8chement ou des ger\u00e7ures de la peau. GHS08. Contient\u00a0: Hydrocarbures, C10-C13, n-alcanes, isoalcanes, cycliques, &lt; 2% aromatiques.<\/span><\/p>\n","protected":false},"excerpt":{"rendered":"<p>Application L&rsquo;Hydro Sealant R-8 convient \u00e0 l&rsquo;impr\u00e9gnation des substrats min\u00e9raux existants et nouveaux. Ce produit est \u00e9galement utilis\u00e9 pour hydrophobiser des supports d\u00e9j\u00e0 hydrophob\u00e9s. Par exemple, l&rsquo;Hydro Sealant R-8 peut \u00eatre utilis\u00e9 sur la ma\u00e7onnerie en briques, le stuc min\u00e9ral, le b\u00e9ton (pr\u00e9fabriqu\u00e9), les briques silico-calcaires et la pierre naturelle. L&rsquo;Hydro Sealant R-8 a \u00e9galement [&hellip;]<\/p>\n","protected":false},"featured_media":1440,"comment_status":"closed","ping_status":"closed","template":"","meta":[],"product_brand":[],"product_cat":[63],"product_tag":[],"class_list":{"0":"post-1423","1":"product","2":"type-product","3":"status-publish","4":"has-post-thumbnail","6":"product_cat-protecteurs","7":"product_shipping_class-nl-fr","9":"first","10":"instock","11":"taxable","12":"shipping-taxable","13":"purchasable","14":"product-type-simple"},"_links":{"self":[{"href":"https:\/\/bmholland.nl\/fr\/wp-json\/wp\/v2\/product\/1423","targetHints":{"allow":["GET"]}}],"collection":[{"href":"https:\/\/bmholland.nl\/fr\/wp-json\/wp\/v2\/product"}],"about":[{"href":"https:\/\/bmholland.nl\/fr\/wp-json\/wp\/v2\/types\/product"}],"replies":[{"embeddable":true,"href":"https:\/\/bmholland.nl\/fr\/wp-json\/wp\/v2\/comments?post=1423"}],"wp:featuredmedia":[{"embeddable":true,"href":"https:\/\/bmholland.nl\/fr\/wp-json\/wp\/v2\/media\/1440"}],"wp:attachment":[{"href":"https:\/\/bmholland.nl\/fr\/wp-json\/wp\/v2\/media?parent=1423"}],"wp:term":[{"taxonomy":"product_brand","embeddable":true,"href":"https:\/\/bmholland.nl\/fr\/wp-json\/wp\/v2\/product_brand?post=1423"},{"taxonomy":"product_cat","embeddable":true,"href":"https:\/\/bmholland.nl\/fr\/wp-json\/wp\/v2\/product_cat?post=1423"},{"taxonomy":"product_tag","embeddable":true,"href":"https:\/\/bmholland.nl\/fr\/wp-json\/wp\/v2\/product_tag?post=1423"}],"curies":[{"name":"wp","href":"https:\/\/api.w.org\/{rel}","templated":true}]}}