{"id":1422,"date":"2023-03-08T09:02:43","date_gmt":"2023-03-08T09:02:43","guid":{"rendered":"https:\/\/bmholland.nl\/product\/bm-gants-dete\/"},"modified":"2023-03-08T09:02:43","modified_gmt":"2023-03-08T09:02:43","slug":"bm-gants-dete","status":"publish","type":"product","link":"https:\/\/bmholland.nl\/fr\/produit\/bm-gants-dete\/","title":{"rendered":"BM-Gants d\u2019\u00e9t\u00e9"},"content":{"rendered":"<p style=\"font-weight: 400;\"><strong>Propri\u00e9t\u00e9s<\/strong><\/p>\n<ul>\n<li>Gant enduit de nitrile.<\/li>\n<li>Poignet en tricot \u00e9lastique.<\/li>\n<li>Protection compl\u00e8te \u00e0 360\u00b0 contre les huiles, les acides et les graisses.<\/li>\n<li>Bonne dext\u00e9rit\u00e9.<\/li>\n<li>Traitement hygi\u00e9nique pour inhiber les bact\u00e9ries, minimiser les odeurs et favoriser la fra\u00eecheur.<\/li>\n<li>Exempts de substances nocives conform\u00e9ment \u00e0 la norme OEKO-TEX\u00ae 100.<\/li>\n<li>Gants de haute qualit\u00e9<\/li>\n<li>Durables \u00e0 l&rsquo;usage<\/li>\n<li>Taille S \u00e0 XXL<\/li>\n<\/ul>\n","protected":false},"excerpt":{"rendered":"<p>Propri\u00e9t\u00e9s Gant enduit de nitrile. Poignet en tricot \u00e9lastique. Protection compl\u00e8te \u00e0 360\u00b0 contre les huiles, les acides et les graisses. Bonne dext\u00e9rit\u00e9. Traitement hygi\u00e9nique pour inhiber les bact\u00e9ries, minimiser les odeurs et favoriser la fra\u00eecheur. Exempts de substances nocives conform\u00e9ment \u00e0 la norme OEKO-TEX\u00ae 100. Gants de haute qualit\u00e9 Durables \u00e0 l&rsquo;usage Taille S [&hellip;]<\/p>\n","protected":false},"featured_media":1083,"comment_status":"closed","ping_status":"closed","template":"","meta":[],"product_brand":[],"product_cat":[],"product_tag":[],"class_list":{"0":"post-1422","1":"product","2":"type-product","3":"status-publish","4":"has-post-thumbnail","6":"product_shipping_class-nl-fr","8":"first","9":"outofstock","10":"taxable","11":"shipping-taxable","12":"purchasable","13":"product-type-simple"},"_links":{"self":[{"href":"https:\/\/bmholland.nl\/fr\/wp-json\/wp\/v2\/product\/1422","targetHints":{"allow":["GET"]}}],"collection":[{"href":"https:\/\/bmholland.nl\/fr\/wp-json\/wp\/v2\/product"}],"about":[{"href":"https:\/\/bmholland.nl\/fr\/wp-json\/wp\/v2\/types\/product"}],"replies":[{"embeddable":true,"href":"https:\/\/bmholland.nl\/fr\/wp-json\/wp\/v2\/comments?post=1422"}],"wp:featuredmedia":[{"embeddable":true,"href":"https:\/\/bmholland.nl\/fr\/wp-json\/wp\/v2\/media\/1083"}],"wp:attachment":[{"href":"https:\/\/bmholland.nl\/fr\/wp-json\/wp\/v2\/media?parent=1422"}],"wp:term":[{"taxonomy":"product_brand","embeddable":true,"href":"https:\/\/bmholland.nl\/fr\/wp-json\/wp\/v2\/product_brand?post=1422"},{"taxonomy":"product_cat","embeddable":true,"href":"https:\/\/bmholland.nl\/fr\/wp-json\/wp\/v2\/product_cat?post=1422"},{"taxonomy":"product_tag","embeddable":true,"href":"https:\/\/bmholland.nl\/fr\/wp-json\/wp\/v2\/product_tag?post=1422"}],"curies":[{"name":"wp","href":"https:\/\/api.w.org\/{rel}","templated":true}]}}