{"id":1420,"date":"2023-03-08T10:07:20","date_gmt":"2023-03-08T10:07:20","guid":{"rendered":"https:\/\/bmholland.nl\/product\/bm-brosse-en-bloc\/"},"modified":"2023-03-08T10:07:20","modified_gmt":"2023-03-08T10:07:20","slug":"bm-brosse-en-bloc","status":"publish","type":"product","link":"https:\/\/bmholland.nl\/fr\/produit\/bm-brosse-en-bloc\/","title":{"rendered":"BM-Brosse en bloc"},"content":{"rendered":"<p style=\"font-weight: 400;\"><strong>Propri\u00e9t\u00e9s<\/strong><\/p>\n<ul>\n<li>\u00c0 utiliser en combinaison avec Nettoyant d\u2019efflorescences BM<\/li>\n<li>Poign\u00e9e en plastique<\/li>\n<\/ul>\n","protected":false},"excerpt":{"rendered":"<p>Propri\u00e9t\u00e9s \u00c0 utiliser en combinaison avec Nettoyant d\u2019efflorescences BM Poign\u00e9e en plastique<\/p>\n","protected":false},"featured_media":1087,"comment_status":"closed","ping_status":"closed","template":"","meta":[],"product_brand":[],"product_cat":[61],"product_tag":[],"class_list":{"0":"post-1420","1":"product","2":"type-product","3":"status-publish","4":"has-post-thumbnail","6":"product_cat-nettoyants","7":"product_shipping_class-nl-fr","9":"first","10":"instock","11":"taxable","12":"shipping-taxable","13":"purchasable","14":"product-type-simple"},"_links":{"self":[{"href":"https:\/\/bmholland.nl\/fr\/wp-json\/wp\/v2\/product\/1420","targetHints":{"allow":["GET"]}}],"collection":[{"href":"https:\/\/bmholland.nl\/fr\/wp-json\/wp\/v2\/product"}],"about":[{"href":"https:\/\/bmholland.nl\/fr\/wp-json\/wp\/v2\/types\/product"}],"replies":[{"embeddable":true,"href":"https:\/\/bmholland.nl\/fr\/wp-json\/wp\/v2\/comments?post=1420"}],"wp:featuredmedia":[{"embeddable":true,"href":"https:\/\/bmholland.nl\/fr\/wp-json\/wp\/v2\/media\/1087"}],"wp:attachment":[{"href":"https:\/\/bmholland.nl\/fr\/wp-json\/wp\/v2\/media?parent=1420"}],"wp:term":[{"taxonomy":"product_brand","embeddable":true,"href":"https:\/\/bmholland.nl\/fr\/wp-json\/wp\/v2\/product_brand?post=1420"},{"taxonomy":"product_cat","embeddable":true,"href":"https:\/\/bmholland.nl\/fr\/wp-json\/wp\/v2\/product_cat?post=1420"},{"taxonomy":"product_tag","embeddable":true,"href":"https:\/\/bmholland.nl\/fr\/wp-json\/wp\/v2\/product_tag?post=1420"}],"curies":[{"name":"wp","href":"https:\/\/api.w.org\/{rel}","templated":true}]}}