{"id":1418,"date":"2023-03-08T10:31:56","date_gmt":"2023-03-08T10:31:56","guid":{"rendered":"https:\/\/bmholland.nl\/product\/bm-seau\/"},"modified":"2023-04-26T10:35:01","modified_gmt":"2023-04-26T10:35:01","slug":"bm-seau","status":"publish","type":"product","link":"https:\/\/bmholland.nl\/fr\/produit\/bm-seau\/","title":{"rendered":"BM-Seau"},"content":{"rendered":"<p style=\"font-weight: 400;\">Nos seaux sont utiles lors de l&rsquo;utilisation du nettoyant d\u2019efflorescences BM en combinaison avec une brosse en bloc.\u00a0Un seau peut \u00e9galement \u00eatre utilis\u00e9 pour m\u00e9langer le d\u00e9capant pour algues BM.<\/p>\n","protected":false},"excerpt":{"rendered":"<ul>\n<li>Contenu : 12L<\/li>\n<li>Poign\u00e9e en m\u00e9tal robuste<\/li>\n<li>Durable en utilisation<\/li>\n<\/ul>\n","protected":false},"featured_media":1086,"comment_status":"closed","ping_status":"closed","template":"","meta":[],"product_brand":[],"product_cat":[],"product_tag":[],"class_list":{"0":"post-1418","1":"product","2":"type-product","3":"status-publish","4":"has-post-thumbnail","6":"product_shipping_class-nl-fr","8":"first","9":"instock","10":"taxable","11":"shipping-taxable","12":"purchasable","13":"product-type-simple"},"_links":{"self":[{"href":"https:\/\/bmholland.nl\/fr\/wp-json\/wp\/v2\/product\/1418","targetHints":{"allow":["GET"]}}],"collection":[{"href":"https:\/\/bmholland.nl\/fr\/wp-json\/wp\/v2\/product"}],"about":[{"href":"https:\/\/bmholland.nl\/fr\/wp-json\/wp\/v2\/types\/product"}],"replies":[{"embeddable":true,"href":"https:\/\/bmholland.nl\/fr\/wp-json\/wp\/v2\/comments?post=1418"}],"wp:featuredmedia":[{"embeddable":true,"href":"https:\/\/bmholland.nl\/fr\/wp-json\/wp\/v2\/media\/1086"}],"wp:attachment":[{"href":"https:\/\/bmholland.nl\/fr\/wp-json\/wp\/v2\/media?parent=1418"}],"wp:term":[{"taxonomy":"product_brand","embeddable":true,"href":"https:\/\/bmholland.nl\/fr\/wp-json\/wp\/v2\/product_brand?post=1418"},{"taxonomy":"product_cat","embeddable":true,"href":"https:\/\/bmholland.nl\/fr\/wp-json\/wp\/v2\/product_cat?post=1418"},{"taxonomy":"product_tag","embeddable":true,"href":"https:\/\/bmholland.nl\/fr\/wp-json\/wp\/v2\/product_tag?post=1418"}],"curies":[{"name":"wp","href":"https:\/\/api.w.org\/{rel}","templated":true}]}}