{"id":1409,"date":"2023-03-08T14:15:37","date_gmt":"2023-03-08T14:15:37","guid":{"rendered":"https:\/\/bmholland.nl\/product\/bm-beton-verwijderaar-1l\/"},"modified":"2023-05-03T11:53:49","modified_gmt":"2023-05-03T11:53:49","slug":"bm-decapant-pour-beton-1l","status":"publish","type":"product","link":"https:\/\/bmholland.nl\/fr\/produit\/bm-decapant-pour-beton-1l\/","title":{"rendered":"BM D\u00e9capant pour b\u00e9ton 1 L"},"content":{"rendered":"<p style=\"font-weight: 400;\"><strong>Application<br \/>\n<\/strong>Le d\u00e9capant pour b\u00e9ton BM peut \u00eatre appliqu\u00e9 en toute s\u00e9curit\u00e9 sur divers substrats, notamment le m\u00e9tal, le verre, le plastique et les substrats peints. Id\u00e9al pour l&rsquo;entretien quotidien des b\u00e9tonni\u00e8res, des truelles autoport\u00e9es et autres outils.<\/p>\n<p style=\"font-weight: 400;\"><strong>Consommation th\u00e9orique<br \/>\n<\/strong>Consommation 6 &#8211; 8 m\u00b2\/l en fonction du type et du degr\u00e9 de salissure.<\/p>\n<p style=\"font-weight: 400;\"><strong>Propri\u00e9t\u00e9s<\/strong><\/p>\n<ul>\n<li>\u00c9limine efficacement les r\u00e9sidus de b\u00e9ton secs et tenaces<\/li>\n<li>Non toxique<\/li>\n<li>Biod\u00e9gradable<\/li>\n<li>Facile \u00e0 utiliser<\/li>\n<li>Facile \u00e0 appliquer<\/li>\n<li>Non inflammable<\/li>\n<li>Non corrosif pour les mat\u00e9riaux<\/li>\n<\/ul>\n<p style=\"font-weight: 400;\"><strong>Mode d&#8217;emploi<\/strong><\/p>\n<ol>\n<li>Appliquer le d\u00e9capant pour b\u00e9ton BM non dilu\u00e9 \u00e0 l&rsquo;aide d&rsquo;un flacon pulv\u00e9risateur ou d&rsquo;un pulv\u00e9risateur \u00e0 basse pression sur la surface souill\u00e9e. Pour les grandes surfaces, il est possible d&rsquo;utiliser un pulv\u00e9risateur dorsal ou une pompe de pulv\u00e9risation.<\/li>\n<li>Laisser le produit p\u00e9n\u00e9trer dans le substrat pendant 15 \u00e0 30 minutes avant d&rsquo;appliquer une autre couche. R\u00e9p\u00e9tez l&rsquo;op\u00e9ration en fonction du degr\u00e9 de salissure.<\/li>\n<li>Laisser ensuite le produit agir sur la contamination pendant 30 minutes \u00e0 quelques heures.<\/li>\n<li>Nettoyer le support \u00e0 haute pression ou \u00e0 l&rsquo;aide d&rsquo;une brosse et de beaucoup d&rsquo;eau<\/li>\n<li>R\u00e9p\u00e9ter l\u2019op\u00e9ration si n\u00e9cessaire<\/li>\n<\/ol>\n<p style=\"font-weight: 400;\"><strong>Consignes de s\u00e9curit\u00e9<br \/>\n<\/strong>Ne pas inhaler les poussi\u00e8res\/fum\u00e9es\/gaz\/brumes\/vapeurs\/a\u00e9rosols. Porter des gants de protection\/des v\u00eatements de protection\/un \u00e9quipement de protection des yeux\/du visage. Apr\u00e8s ingestion : rincer la bouche. Ne pas faire vomir. En cas de contact avec la peau (ou les cheveux)\u00a0: Enlever imm\u00e9diatement les v\u00eatements contamin\u00e9s. Rincer la peau \u00e0 l&rsquo;eau ou prendre une douche. En cas de contact avec les yeux : rincer soigneusement \u00e0 l&rsquo;eau pendant plusieurs minutes ; retirer si possible les lentilles de contact ; continuer \u00e0 rincer. Consulter imm\u00e9diatement un centre anti-poison\/m\u00e9decin. SGH05. Contient de l&rsquo;acide glycolique.<\/p>\n<p>&nbsp;<\/p>\n","protected":false},"excerpt":{"rendered":"<p>Application Le d\u00e9capant pour b\u00e9ton BM peut \u00eatre appliqu\u00e9 en toute s\u00e9curit\u00e9 sur divers substrats, notamment le m\u00e9tal, le verre, le plastique et les substrats peints. Id\u00e9al pour l&rsquo;entretien quotidien des b\u00e9tonni\u00e8res, des truelles autoport\u00e9es et autres outils. Consommation th\u00e9orique Consommation 6 &#8211; 8 m\u00b2\/l en fonction du type et du degr\u00e9 de salissure. Propri\u00e9t\u00e9s [&hellip;]<\/p>\n","protected":false},"featured_media":1448,"comment_status":"closed","ping_status":"closed","template":"","meta":[],"product_brand":[],"product_cat":[61],"product_tag":[],"class_list":{"0":"post-1409","1":"product","2":"type-product","3":"status-publish","4":"has-post-thumbnail","6":"product_cat-nettoyants","7":"product_shipping_class-nl-fr","9":"first","10":"instock","11":"taxable","12":"shipping-taxable","13":"purchasable","14":"product-type-simple"},"_links":{"self":[{"href":"https:\/\/bmholland.nl\/fr\/wp-json\/wp\/v2\/product\/1409","targetHints":{"allow":["GET"]}}],"collection":[{"href":"https:\/\/bmholland.nl\/fr\/wp-json\/wp\/v2\/product"}],"about":[{"href":"https:\/\/bmholland.nl\/fr\/wp-json\/wp\/v2\/types\/product"}],"replies":[{"embeddable":true,"href":"https:\/\/bmholland.nl\/fr\/wp-json\/wp\/v2\/comments?post=1409"}],"wp:featuredmedia":[{"embeddable":true,"href":"https:\/\/bmholland.nl\/fr\/wp-json\/wp\/v2\/media\/1448"}],"wp:attachment":[{"href":"https:\/\/bmholland.nl\/fr\/wp-json\/wp\/v2\/media?parent=1409"}],"wp:term":[{"taxonomy":"product_brand","embeddable":true,"href":"https:\/\/bmholland.nl\/fr\/wp-json\/wp\/v2\/product_brand?post=1409"},{"taxonomy":"product_cat","embeddable":true,"href":"https:\/\/bmholland.nl\/fr\/wp-json\/wp\/v2\/product_cat?post=1409"},{"taxonomy":"product_tag","embeddable":true,"href":"https:\/\/bmholland.nl\/fr\/wp-json\/wp\/v2\/product_tag?post=1409"}],"curies":[{"name":"wp","href":"https:\/\/api.w.org\/{rel}","templated":true}]}}